{"id":11,"date":"2019-09-21T10:01:00","date_gmt":"2019-09-21T10:01:00","guid":{"rendered":"https:\/\/leipomo.band\/?page_id=11"},"modified":"2026-03-28T07:25:29","modified_gmt":"2026-03-28T07:25:29","slug":"ukulele-bandi","status":"publish","type":"page","link":"https:\/\/leipomo.band\/","title":{"rendered":"Patinoitunutta popul\u00e4\u00e4rimusiikkia"},"content":{"rendered":"\n<p>Leipomo on p\u00e4ij\u00e4th\u00e4m\u00e4l\u00e4inen yhtye, joka esitt\u00e4\u00e4 patinoitunutta popul\u00e4\u00e4rimusikkia rock-otteella.<\/p>\n\n\n\n<p>Instrumentteina ovat erikokoiset ukulelet, bassoukulele mukaan lukien. Rytmin antaa cajon-rumpusetti.<\/p>\n\n\n\n<p>Vaikka keikoilla p\u00e4\u00e4s\u00e4\u00e4nt\u00f6isesti vahvistamme \u00e4\u00e4net s\u00e4hk\u00f6isesti, \u00e4\u00e4nenvoimakkuuden taso on maltillinen tavanomaisen rock-yhtyeen \u00e4\u00e4nenvoimakkuuteen verrattuna.<\/p>\n\n\n\n<p>Ohjelmistomme koostuu t\u00e4ll\u00e4 hetkell\u00e4 p\u00e4\u00e4asiassa 1960-70 -lukujen kotimaisesta ja k\u00e4\u00e4nnetyst\u00e4 materiaalista. Joukossa on monia ennen kuulemattomia Antti Ahosen k\u00e4\u00e4nn\u00f6stekstej\u00e4. Yhteisen\u00e4 tavoitteena on tuottaa kappaleisiin niin rock\u00b4n\u00b4roll -henkinen ilmapiiri kuin hento\u00e4\u00e4nisell\u00e4 soittimella on mahdollista.<\/p>\n\n\n\n<p>Ukulelen kanssa on vaikea murjottaa.<\/p>\n","protected":false},"excerpt":{"rendered":"<p>Leipomo on p\u00e4ij\u00e4th\u00e4m\u00e4l\u00e4inen yhtye, joka esitt\u00e4\u00e4 patinoitunutta popul\u00e4\u00e4rimusikkia rock-otteella. Instrumentteina ovat erikokoiset ukulelet, bassoukulele mukaan lukien. Rytmin antaa cajon-rumpusetti. Vaikka keikoilla p\u00e4\u00e4s\u00e4\u00e4nt\u00f6isesti vahvistamme \u00e4\u00e4net s\u00e4hk\u00f6isesti, \u00e4\u00e4nenvoimakkuuden taso on maltillinen tavanomaisen<a href=\"https:\/\/leipomo.band\/\" class=\"more-link\"><span class=\"readmore\">Lis\u00e4\u00e4&#8230;<span class=\"screen-reader-text\">Patinoitunutta popul\u00e4\u00e4rimusiikkia<\/span><\/span><\/a><\/p>\n","protected":false},"author":1,"featured_media":594,"parent":0,"menu_order":0,"comment_status":"closed","ping_status":"closed","template":"","meta":{"ngg_post_thumbnail":0,"footnotes":""},"class_list":["post-11","page","type-page","status-publish","has-post-thumbnail","hentry"],"yoast_head":"<!-- This site is optimized with the Yoast SEO plugin v21.9.1 - https:\/\/yoast.com\/wordpress\/plugins\/seo\/ -->\n<title>Patinoitunutta popul\u00e4\u00e4rimusiikkia -<\/title>\n<meta name=\"description\" content=\"Leipomo on 8-henkinen P\u00e4ij\u00e4t-H\u00e4meen seudulla toimiva ukulele-b\u00e4ndi.\" \/>\n<meta name=\"robots\" content=\"index, follow, max-snippet:-1, max-image-preview:large, max-video-preview:-1\" \/>\n<link rel=\"canonical\" href=\"https:\/\/leipomo.band\/\" \/>\n<meta property=\"og:locale\" content=\"fi_FI\" \/>\n<meta property=\"og:type\" content=\"article\" \/>\n<meta property=\"og:title\" content=\"Patinoitunutta popul\u00e4\u00e4rimusiikkia -\" \/>\n<meta property=\"og:description\" content=\"Leipomo on 8-henkinen P\u00e4ij\u00e4t-H\u00e4meen seudulla toimiva ukulele-b\u00e4ndi.\" \/>\n<meta property=\"og:url\" content=\"https:\/\/leipomo.band\/\" \/>\n<meta property=\"article:modified_time\" content=\"2026-03-28T07:25:29+00:00\" \/>\n<meta property=\"og:image\" content=\"https:\/\/leipomo.band\/wp-content\/uploads\/2026\/03\/leipomo_julistekuva-iloinen-2026_3_matala.jpg\" \/>\n\t<meta property=\"og:image:width\" content=\"2400\" \/>\n\t<meta property=\"og:image:height\" content=\"536\" \/>\n\t<meta property=\"og:image:type\" content=\"image\/jpeg\" \/>\n<meta name=\"twitter:card\" content=\"summary_large_image\" \/>\n<meta name=\"twitter:site\" content=\"@leipomoband\" \/>\n<meta name=\"twitter:label1\" content=\"Arvioitu lukuaika\" \/>\n\t<meta name=\"twitter:data1\" content=\"1 minuutti\" \/>\n<script type=\"application\/ld+json\" class=\"yoast-schema-graph\">{\"@context\":\"https:\/\/schema.org\",\"@graph\":[{\"@type\":\"WebPage\",\"@id\":\"https:\/\/leipomo.band\/\",\"url\":\"https:\/\/leipomo.band\/\",\"name\":\"Patinoitunutta popul\u00e4\u00e4rimusiikkia -\",\"isPartOf\":{\"@id\":\"https:\/\/leipomo.band\/#website\"},\"datePublished\":\"2019-09-21T10:01:00+00:00\",\"dateModified\":\"2026-03-28T07:25:29+00:00\",\"description\":\"Leipomo on 8-henkinen P\u00e4ij\u00e4t-H\u00e4meen seudulla toimiva ukulele-b\u00e4ndi.\",\"breadcrumb\":{\"@id\":\"https:\/\/leipomo.band\/#breadcrumb\"},\"inLanguage\":\"fi\",\"potentialAction\":[{\"@type\":\"ReadAction\",\"target\":[\"https:\/\/leipomo.band\/\"]}]},{\"@type\":\"BreadcrumbList\",\"@id\":\"https:\/\/leipomo.band\/#breadcrumb\",\"itemListElement\":[{\"@type\":\"ListItem\",\"position\":1,\"name\":\"Home\",\"item\":\"https:\/\/leipomo.band\/\"},{\"@type\":\"ListItem\",\"position\":2,\"name\":\"Patinoitunutta popul\u00e4\u00e4rimusiikkia\"}]},{\"@type\":\"WebSite\",\"@id\":\"https:\/\/leipomo.band\/#website\",\"url\":\"https:\/\/leipomo.band\/\",\"name\":\"Leipomo\",\"description\":\"Patinoitunutta popul&auml;&auml;rimusiikkia\",\"publisher\":{\"@id\":\"https:\/\/leipomo.band\/#organization\"},\"potentialAction\":[{\"@type\":\"SearchAction\",\"target\":{\"@type\":\"EntryPoint\",\"urlTemplate\":\"https:\/\/leipomo.band\/?s={search_term_string}\"},\"query-input\":\"required name=search_term_string\"}],\"inLanguage\":\"fi\"},{\"@type\":\"Organization\",\"@id\":\"https:\/\/leipomo.band\/#organization\",\"name\":\"Leipomo\",\"url\":\"https:\/\/leipomo.band\/\",\"logo\":{\"@type\":\"ImageObject\",\"inLanguage\":\"fi\",\"@id\":\"https:\/\/leipomo.band\/#\/schema\/logo\/image\/\",\"url\":\"https:\/\/leipomo.band\/wp-content\/uploads\/2019\/09\/Logo_320x320.png\",\"contentUrl\":\"https:\/\/leipomo.band\/wp-content\/uploads\/2019\/09\/Logo_320x320.png\",\"width\":320,\"height\":320,\"caption\":\"Leipomo\"},\"image\":{\"@id\":\"https:\/\/leipomo.band\/#\/schema\/logo\/image\/\"},\"sameAs\":[\"https:\/\/twitter.com\/leipomoband\"]}]}<\/script>\n<!-- \/ Yoast SEO plugin. -->","yoast_head_json":{"title":"Patinoitunutta popul\u00e4\u00e4rimusiikkia -","description":"Leipomo on 8-henkinen P\u00e4ij\u00e4t-H\u00e4meen seudulla toimiva ukulele-b\u00e4ndi.","robots":{"index":"index","follow":"follow","max-snippet":"max-snippet:-1","max-image-preview":"max-image-preview:large","max-video-preview":"max-video-preview:-1"},"canonical":"https:\/\/leipomo.band\/","og_locale":"fi_FI","og_type":"article","og_title":"Patinoitunutta popul\u00e4\u00e4rimusiikkia -","og_description":"Leipomo on 8-henkinen P\u00e4ij\u00e4t-H\u00e4meen seudulla toimiva ukulele-b\u00e4ndi.","og_url":"https:\/\/leipomo.band\/","article_modified_time":"2026-03-28T07:25:29+00:00","og_image":[{"width":2400,"height":536,"url":"https:\/\/leipomo.band\/wp-content\/uploads\/2026\/03\/leipomo_julistekuva-iloinen-2026_3_matala.jpg","type":"image\/jpeg"}],"twitter_card":"summary_large_image","twitter_site":"@leipomoband","twitter_misc":{"Arvioitu lukuaika":"1 minuutti"},"schema":{"@context":"https:\/\/schema.org","@graph":[{"@type":"WebPage","@id":"https:\/\/leipomo.band\/","url":"https:\/\/leipomo.band\/","name":"Patinoitunutta popul\u00e4\u00e4rimusiikkia -","isPartOf":{"@id":"https:\/\/leipomo.band\/#website"},"datePublished":"2019-09-21T10:01:00+00:00","dateModified":"2026-03-28T07:25:29+00:00","description":"Leipomo on 8-henkinen P\u00e4ij\u00e4t-H\u00e4meen seudulla toimiva ukulele-b\u00e4ndi.","breadcrumb":{"@id":"https:\/\/leipomo.band\/#breadcrumb"},"inLanguage":"fi","potentialAction":[{"@type":"ReadAction","target":["https:\/\/leipomo.band\/"]}]},{"@type":"BreadcrumbList","@id":"https:\/\/leipomo.band\/#breadcrumb","itemListElement":[{"@type":"ListItem","position":1,"name":"Home","item":"https:\/\/leipomo.band\/"},{"@type":"ListItem","position":2,"name":"Patinoitunutta popul\u00e4\u00e4rimusiikkia"}]},{"@type":"WebSite","@id":"https:\/\/leipomo.band\/#website","url":"https:\/\/leipomo.band\/","name":"Leipomo","description":"Patinoitunutta popul&auml;&auml;rimusiikkia","publisher":{"@id":"https:\/\/leipomo.band\/#organization"},"potentialAction":[{"@type":"SearchAction","target":{"@type":"EntryPoint","urlTemplate":"https:\/\/leipomo.band\/?s={search_term_string}"},"query-input":"required name=search_term_string"}],"inLanguage":"fi"},{"@type":"Organization","@id":"https:\/\/leipomo.band\/#organization","name":"Leipomo","url":"https:\/\/leipomo.band\/","logo":{"@type":"ImageObject","inLanguage":"fi","@id":"https:\/\/leipomo.band\/#\/schema\/logo\/image\/","url":"https:\/\/leipomo.band\/wp-content\/uploads\/2019\/09\/Logo_320x320.png","contentUrl":"https:\/\/leipomo.band\/wp-content\/uploads\/2019\/09\/Logo_320x320.png","width":320,"height":320,"caption":"Leipomo"},"image":{"@id":"https:\/\/leipomo.band\/#\/schema\/logo\/image\/"},"sameAs":["https:\/\/twitter.com\/leipomoband"]}]}},"_links":{"self":[{"href":"https:\/\/leipomo.band\/index.php\/wp-json\/wp\/v2\/pages\/11","targetHints":{"allow":["GET"]}}],"collection":[{"href":"https:\/\/leipomo.band\/index.php\/wp-json\/wp\/v2\/pages"}],"about":[{"href":"https:\/\/leipomo.band\/index.php\/wp-json\/wp\/v2\/types\/page"}],"author":[{"embeddable":true,"href":"https:\/\/leipomo.band\/index.php\/wp-json\/wp\/v2\/users\/1"}],"replies":[{"embeddable":true,"href":"https:\/\/leipomo.band\/index.php\/wp-json\/wp\/v2\/comments?post=11"}],"version-history":[{"count":20,"href":"https:\/\/leipomo.band\/index.php\/wp-json\/wp\/v2\/pages\/11\/revisions"}],"predecessor-version":[{"id":595,"href":"https:\/\/leipomo.band\/index.php\/wp-json\/wp\/v2\/pages\/11\/revisions\/595"}],"wp:featuredmedia":[{"embeddable":true,"href":"https:\/\/leipomo.band\/index.php\/wp-json\/wp\/v2\/media\/594"}],"wp:attachment":[{"href":"https:\/\/leipomo.band\/index.php\/wp-json\/wp\/v2\/media?parent=11"}],"curies":[{"name":"wp","href":"https:\/\/api.w.org\/{rel}","templated":true}]}}