{"id":115,"date":"2019-10-22T19:09:20","date_gmt":"2019-10-22T19:09:20","guid":{"rendered":"https:\/\/leipomo.band\/?page_id=115"},"modified":"2026-03-28T07:45:30","modified_gmt":"2026-03-28T07:45:30","slug":"ohjelmisto","status":"publish","type":"page","link":"https:\/\/leipomo.band\/index.php\/ohjelmisto\/","title":{"rendered":"Ohjelmisto"},"content":{"rendered":"\n<p>Ake, Make, Pera ja m\u00e4<br>Hei vaan Salli (Lay Down Sally)<br>Kauan<br>Nouse kyytiin<br>Nyt saunotaan (Whatever You Want)<br>Oo, Sammy<br>Pop-musiikkia<br>P\u00e4iv\u00e4t kuluu hukkaan<br>Rakastuin sinuun liian helposti<br>Rakkaudelta n\u00e4ytt\u00e4\u00e4<br>Rubikin kuutio<br>Sylist\u00e4si her\u00e4sin<br>Tytt\u00f6jen v\u00e4lisest\u00e4 yst\u00e4vyydest\u00e4<br>\u00d6isin vain valvon<\/p>\n\n\n\n<p>Crazy Little Thing Called Love<br>Eight Days A Week<br>Friday On My Mind<br>Here comes the sun<br>Hot Stuff<br>I Feel Fine<br>Mrs Robinson<br>Something<br>The Night Before<br>Things We Said Today<br>Venus<br>When You Walk In The Room<\/p>\n\n\n\n<p><\/p>\n\n\n\n<p><\/p>\n","protected":false},"excerpt":{"rendered":"<p>Ake, Make, Pera ja m\u00e4Hei vaan Salli (Lay Down Sally)KauanNouse kyytiinNyt saunotaan (Whatever You Want)Oo, SammyPop-musiikkiaP\u00e4iv\u00e4t kuluu hukkaanRakastuin sinuun liian helpostiRakkaudelta n\u00e4ytt\u00e4\u00e4Rubikin kuutioSylist\u00e4si her\u00e4sinTytt\u00f6jen v\u00e4lisest\u00e4 yst\u00e4vyydest\u00e4\u00d6isin vain valvon Crazy Little<a href=\"https:\/\/leipomo.band\/index.php\/ohjelmisto\/\" class=\"more-link\"><span class=\"readmore\">Lis\u00e4\u00e4&#8230;<span class=\"screen-reader-text\">Ohjelmisto<\/span><\/span><\/a><\/p>\n","protected":false},"author":1,"featured_media":582,"parent":0,"menu_order":0,"comment_status":"closed","ping_status":"closed","template":"","meta":{"ngg_post_thumbnail":0,"footnotes":""},"class_list":["post-115","page","type-page","status-publish","has-post-thumbnail","hentry"],"yoast_head":"<!-- This site is optimized with the Yoast SEO plugin v21.9.1 - https:\/\/yoast.com\/wordpress\/plugins\/seo\/ -->\n<title>Ohjelmisto -<\/title>\n<meta name=\"robots\" content=\"index, follow, max-snippet:-1, max-image-preview:large, max-video-preview:-1\" \/>\n<link rel=\"canonical\" href=\"https:\/\/leipomo.band\/index.php\/ohjelmisto\/\" \/>\n<meta property=\"og:locale\" content=\"fi_FI\" \/>\n<meta property=\"og:type\" content=\"article\" \/>\n<meta property=\"og:title\" content=\"Ohjelmisto -\" \/>\n<meta property=\"og:description\" content=\"Ake, Make, Pera ja m\u00e4Hei vaan Salli (Lay Down Sally)KauanNouse kyytiinNyt saunotaan (Whatever You Want)Oo, SammyPop-musiikkiaP\u00e4iv\u00e4t kuluu hukkaanRakastuin sinuun liian helpostiRakkaudelta n\u00e4ytt\u00e4\u00e4Rubikin kuutioSylist\u00e4si her\u00e4sinTytt\u00f6jen v\u00e4lisest\u00e4 yst\u00e4vyydest\u00e4\u00d6isin vain valvon Crazy LittleLis\u00e4\u00e4...Ohjelmisto\" \/>\n<meta property=\"og:url\" content=\"https:\/\/leipomo.band\/index.php\/ohjelmisto\/\" \/>\n<meta property=\"article:modified_time\" content=\"2026-03-28T07:45:30+00:00\" \/>\n<meta property=\"og:image\" content=\"https:\/\/leipomo.band\/wp-content\/uploads\/2026\/02\/Logotapetti.jpg\" \/>\n\t<meta property=\"og:image:width\" content=\"2000\" \/>\n\t<meta property=\"og:image:height\" content=\"1414\" \/>\n\t<meta property=\"og:image:type\" content=\"image\/jpeg\" \/>\n<meta name=\"twitter:card\" content=\"summary_large_image\" \/>\n<meta name=\"twitter:site\" content=\"@leipomoband\" \/>\n<meta name=\"twitter:label1\" content=\"Arvioitu lukuaika\" \/>\n\t<meta name=\"twitter:data1\" content=\"1 minuutti\" \/>\n<script type=\"application\/ld+json\" class=\"yoast-schema-graph\">{\"@context\":\"https:\/\/schema.org\",\"@graph\":[{\"@type\":\"WebPage\",\"@id\":\"https:\/\/leipomo.band\/index.php\/ohjelmisto\/\",\"url\":\"https:\/\/leipomo.band\/index.php\/ohjelmisto\/\",\"name\":\"Ohjelmisto -\",\"isPartOf\":{\"@id\":\"https:\/\/leipomo.band\/#website\"},\"datePublished\":\"2019-10-22T19:09:20+00:00\",\"dateModified\":\"2026-03-28T07:45:30+00:00\",\"breadcrumb\":{\"@id\":\"https:\/\/leipomo.band\/index.php\/ohjelmisto\/#breadcrumb\"},\"inLanguage\":\"fi\",\"potentialAction\":[{\"@type\":\"ReadAction\",\"target\":[\"https:\/\/leipomo.band\/index.php\/ohjelmisto\/\"]}]},{\"@type\":\"BreadcrumbList\",\"@id\":\"https:\/\/leipomo.band\/index.php\/ohjelmisto\/#breadcrumb\",\"itemListElement\":[{\"@type\":\"ListItem\",\"position\":1,\"name\":\"Home\",\"item\":\"https:\/\/leipomo.band\/\"},{\"@type\":\"ListItem\",\"position\":2,\"name\":\"Ohjelmisto\"}]},{\"@type\":\"WebSite\",\"@id\":\"https:\/\/leipomo.band\/#website\",\"url\":\"https:\/\/leipomo.band\/\",\"name\":\"Leipomo\",\"description\":\"Patinoitunutta popul&auml;&auml;rimusiikkia\",\"publisher\":{\"@id\":\"https:\/\/leipomo.band\/#organization\"},\"potentialAction\":[{\"@type\":\"SearchAction\",\"target\":{\"@type\":\"EntryPoint\",\"urlTemplate\":\"https:\/\/leipomo.band\/?s={search_term_string}\"},\"query-input\":\"required name=search_term_string\"}],\"inLanguage\":\"fi\"},{\"@type\":\"Organization\",\"@id\":\"https:\/\/leipomo.band\/#organization\",\"name\":\"Leipomo\",\"url\":\"https:\/\/leipomo.band\/\",\"logo\":{\"@type\":\"ImageObject\",\"inLanguage\":\"fi\",\"@id\":\"https:\/\/leipomo.band\/#\/schema\/logo\/image\/\",\"url\":\"https:\/\/leipomo.band\/wp-content\/uploads\/2019\/09\/Logo_320x320.png\",\"contentUrl\":\"https:\/\/leipomo.band\/wp-content\/uploads\/2019\/09\/Logo_320x320.png\",\"width\":320,\"height\":320,\"caption\":\"Leipomo\"},\"image\":{\"@id\":\"https:\/\/leipomo.band\/#\/schema\/logo\/image\/\"},\"sameAs\":[\"https:\/\/twitter.com\/leipomoband\"]}]}<\/script>\n<!-- \/ Yoast SEO plugin. -->","yoast_head_json":{"title":"Ohjelmisto -","robots":{"index":"index","follow":"follow","max-snippet":"max-snippet:-1","max-image-preview":"max-image-preview:large","max-video-preview":"max-video-preview:-1"},"canonical":"https:\/\/leipomo.band\/index.php\/ohjelmisto\/","og_locale":"fi_FI","og_type":"article","og_title":"Ohjelmisto -","og_description":"Ake, Make, Pera ja m\u00e4Hei vaan Salli (Lay Down Sally)KauanNouse kyytiinNyt saunotaan (Whatever You Want)Oo, SammyPop-musiikkiaP\u00e4iv\u00e4t kuluu hukkaanRakastuin sinuun liian helpostiRakkaudelta n\u00e4ytt\u00e4\u00e4Rubikin kuutioSylist\u00e4si her\u00e4sinTytt\u00f6jen v\u00e4lisest\u00e4 yst\u00e4vyydest\u00e4\u00d6isin vain valvon Crazy LittleLis\u00e4\u00e4...Ohjelmisto","og_url":"https:\/\/leipomo.band\/index.php\/ohjelmisto\/","article_modified_time":"2026-03-28T07:45:30+00:00","og_image":[{"width":2000,"height":1414,"url":"https:\/\/leipomo.band\/wp-content\/uploads\/2026\/02\/Logotapetti.jpg","type":"image\/jpeg"}],"twitter_card":"summary_large_image","twitter_site":"@leipomoband","twitter_misc":{"Arvioitu lukuaika":"1 minuutti"},"schema":{"@context":"https:\/\/schema.org","@graph":[{"@type":"WebPage","@id":"https:\/\/leipomo.band\/index.php\/ohjelmisto\/","url":"https:\/\/leipomo.band\/index.php\/ohjelmisto\/","name":"Ohjelmisto -","isPartOf":{"@id":"https:\/\/leipomo.band\/#website"},"datePublished":"2019-10-22T19:09:20+00:00","dateModified":"2026-03-28T07:45:30+00:00","breadcrumb":{"@id":"https:\/\/leipomo.band\/index.php\/ohjelmisto\/#breadcrumb"},"inLanguage":"fi","potentialAction":[{"@type":"ReadAction","target":["https:\/\/leipomo.band\/index.php\/ohjelmisto\/"]}]},{"@type":"BreadcrumbList","@id":"https:\/\/leipomo.band\/index.php\/ohjelmisto\/#breadcrumb","itemListElement":[{"@type":"ListItem","position":1,"name":"Home","item":"https:\/\/leipomo.band\/"},{"@type":"ListItem","position":2,"name":"Ohjelmisto"}]},{"@type":"WebSite","@id":"https:\/\/leipomo.band\/#website","url":"https:\/\/leipomo.band\/","name":"Leipomo","description":"Patinoitunutta popul&auml;&auml;rimusiikkia","publisher":{"@id":"https:\/\/leipomo.band\/#organization"},"potentialAction":[{"@type":"SearchAction","target":{"@type":"EntryPoint","urlTemplate":"https:\/\/leipomo.band\/?s={search_term_string}"},"query-input":"required name=search_term_string"}],"inLanguage":"fi"},{"@type":"Organization","@id":"https:\/\/leipomo.band\/#organization","name":"Leipomo","url":"https:\/\/leipomo.band\/","logo":{"@type":"ImageObject","inLanguage":"fi","@id":"https:\/\/leipomo.band\/#\/schema\/logo\/image\/","url":"https:\/\/leipomo.band\/wp-content\/uploads\/2019\/09\/Logo_320x320.png","contentUrl":"https:\/\/leipomo.band\/wp-content\/uploads\/2019\/09\/Logo_320x320.png","width":320,"height":320,"caption":"Leipomo"},"image":{"@id":"https:\/\/leipomo.band\/#\/schema\/logo\/image\/"},"sameAs":["https:\/\/twitter.com\/leipomoband"]}]}},"_links":{"self":[{"href":"https:\/\/leipomo.band\/index.php\/wp-json\/wp\/v2\/pages\/115","targetHints":{"allow":["GET"]}}],"collection":[{"href":"https:\/\/leipomo.band\/index.php\/wp-json\/wp\/v2\/pages"}],"about":[{"href":"https:\/\/leipomo.band\/index.php\/wp-json\/wp\/v2\/types\/page"}],"author":[{"embeddable":true,"href":"https:\/\/leipomo.band\/index.php\/wp-json\/wp\/v2\/users\/1"}],"replies":[{"embeddable":true,"href":"https:\/\/leipomo.band\/index.php\/wp-json\/wp\/v2\/comments?post=115"}],"version-history":[{"count":13,"href":"https:\/\/leipomo.band\/index.php\/wp-json\/wp\/v2\/pages\/115\/revisions"}],"predecessor-version":[{"id":599,"href":"https:\/\/leipomo.band\/index.php\/wp-json\/wp\/v2\/pages\/115\/revisions\/599"}],"wp:featuredmedia":[{"embeddable":true,"href":"https:\/\/leipomo.band\/index.php\/wp-json\/wp\/v2\/media\/582"}],"wp:attachment":[{"href":"https:\/\/leipomo.band\/index.php\/wp-json\/wp\/v2\/media?parent=115"}],"curies":[{"name":"wp","href":"https:\/\/api.w.org\/{rel}","templated":true}]}}