{"id":155,"date":"2019-11-10T11:29:29","date_gmt":"2019-11-10T11:29:29","guid":{"rendered":"https:\/\/leipomo.band\/?page_id=155"},"modified":"2026-03-28T07:41:51","modified_gmt":"2026-03-28T07:41:51","slug":"mediassa","status":"publish","type":"page","link":"https:\/\/leipomo.band\/index.php\/mediassa\/","title":{"rendered":"Mediassa"},"content":{"rendered":"\n<h4 class=\"wp-block-heading\"><strong>Korialla olutfestivaalissa esiintyy kahdeksan ukulelemiest\u00e4, jotka k\u00e4\u00e4nt\u00e4v\u00e4t Beatlesin laulut suomeksi ja sijoittavat ne Lahteen \u2013&#8221;T\u00e4m\u00e4 on t\u00e4llaista ukkojen puuhailua, kuten rock&#8217;n&#8217;roll on&#8221;<\/strong> Kouvolan Sanomat, 7.8.2020 <\/h4>\n\n\n\n<p><a href=\"https:\/\/kouvolansanomat.fi\/uutiset\/kulttuuri-ja-viihde\/1692d464-68ea-42a2-814a-dad82dc77e7a\">Lue lis\u00e4\u00e4 Kouvolan Sanomien sivuilta.<\/a><\/p>\n\n\n\n<p><\/p>\n\n\n\n<h4 class=\"wp-block-heading\"><strong>\u201dUkuleleliike osoitti voimansa\u201d otsikoi Etel\u00e4-Suomen Sanomat<\/strong><\/h4>\n\n\n\n<h2 class=\"wp-block-heading\"><\/h2>\n\n\n\n<figure class=\"wp-block-image\"><img loading=\"lazy\" decoding=\"async\" width=\"986\" height=\"692\" src=\"https:\/\/leipomo.band\/wp-content\/uploads\/2020\/01\/Antti_Ahonen_ESS_.png\" alt=\"\" class=\"wp-image-238\" srcset=\"https:\/\/leipomo.band\/wp-content\/uploads\/2020\/01\/Antti_Ahonen_ESS_.png 986w, https:\/\/leipomo.band\/wp-content\/uploads\/2020\/01\/Antti_Ahonen_ESS_-300x211.png 300w, https:\/\/leipomo.band\/wp-content\/uploads\/2020\/01\/Antti_Ahonen_ESS_-768x539.png 768w\" sizes=\"auto, (max-width: 986px) 100vw, 986px\" \/><\/figure>\n\n\n\n<p>Etel\u00e4-Suomen Sanomat on 12 vuoden ajan jakanut Aukusti-palkinnon merkitt\u00e4v\u00e4lle p\u00e4ij\u00e4th\u00e4m\u00e4l\u00e4iselle kulttuuriteolle tai -henkil\u00f6lle. <\/p>\n\n\n\n<p>T\u00e4n\u00e4 vuonna yhten\u00e4 viidest\u00e4 ehdokkaasta oli \u201dLahden ukulelel\u00e4hettil\u00e4s\u201d Antti Ahonen. Vaikka itse palkinto meni \u2013 ensimm\u00e4ist\u00e4 kertaa \u2013 kirjalle, niin yleis\u00f6\u00e4\u00e4nestyksen voitti ylivoimaisesti Antti Ahonen, joka sai 40 % yleis\u00f6\u00e4\u00e4nist\u00e4.<\/p>\n\n\n\n<p>50 vuotta kitaraa soittanut Ahonen l\u00f6ysi itse ukulelen nelisen vuotta sitten etsiess\u00e4\u00e4n sopivaa soitinta lapsenlapselleen, mutta huomasi nopeasti, ett\u00e4 ukulele toimii mainiosti matalan kynnyksen instrumenttina my\u00f6s aikuisille. Pienell\u00e4 rahalla p\u00e4\u00e4see kiinni hyv\u00e4latuiseen soittimeen, jolla on taika luoda yhteis\u00f6llisyytt\u00e4 soittajiensa kesken. Ahosen mukaan moni on p\u00e4\u00e4ssyt esiintymiskammostaan ukulelen varressa.<\/p>\n\n\n\n<p>Pienen kielisoittimen ymp\u00e4rille onkin kasvanut Lahdessa nopeasti yhteis\u00f6, joka tsemppaa omiaan. T\u00e4n\u00e4 vuonna Ahosen ukuleleoppiin on tulossa toista sataa henke\u00e4, ja seudulla toimii jo useampikin yhtye, josta tunnetuimpana Leipomo. Kuukausittain jammaillaan jossain lahtelaisessa klubissa. <\/p>\n\n\n\n<p>Mik\u00e4 ukulelessa kiehtoo? Ahosella on asiasta varmaa tietoa. \u2013 Ukulelen kanssa on vaikea murjottaa, Ahonen siteeraa er\u00e4st\u00e4 65-vuotiasta harrastajaa.<\/p>\n\n\n\n<h4 class=\"wp-block-heading\">&#8221;<strong>Ukuleleorkesterilta mielet\u00f6nt\u00e4 menoa!<\/strong>&#8221;<\/h4>\n\n\n\n<p>\n\nOrimattilan Sanomat 25.7.2019 \/ Pasi J\u00e4rvi\u00f6, Mallusjoki\n\n<\/p>\n\n\n\n<p>&#8221;Mallusjoen Takink\u00e4\u00e4nt\u00f6viikon ainutlaatuisesta festivaalitunnelmasta on p\u00e4\u00e4sty nauttimaan sunnuntaista alkaen, ja musiikki-iloittelu jatkuu lauantaihin saakka. Maanantai-illan p\u00e4\u00e4t\u00e4hti <strong>Edu Kettunen<\/strong> ker\u00e4si Mallusjoen seurantalolle v\u00e4ke\u00e4 paikoitellen jonoksi asti.&#8221;<\/p>\n\n\n\n<p>&#8221;Maanantaina soiton aloitti P\u00e4ij\u00e4t-H\u00e4meen Ukuleleorkesteri <em>(nyk. Leipomo)<\/em> hauskalla ja yleis\u00f6\u00f6n uppoavalla esiintymisell\u00e4\u00e4n. &#8212; <em>Mielet\u00f6nt\u00e4 menoa!<\/em> Tokaisi ukuleleorkesterin <strong>Antti Ahonen<\/strong> keikasta.&#8221;<\/p>\n\n\n\n<p>&#8221;Maanantaina soiton aloitti kahdeksanhenkinen P\u00e4ij\u00e4t-H\u00e4meen Ukuleleorkesteri, jonka riveiss\u00e4 esiintyv\u00e4 <strong>Antti Ahonen<\/strong> on tuttu n\u00e4ky Takink\u00e4\u00e4nt\u00f6viikolla. &#8211; <em>Meill\u00e4 on t\u00e4llaista raavaitten miesten tulkitsemaa rock-henkist\u00e4 ukulelen soittoa. Olemme viime aikoina panostaneet stemmalauluun, kun solisteja l\u00f6ytyy  yhteens\u00e4 viisi kappaletta.<\/em>&#8221;<\/p>\n\n\n\n<p>&#8221;P\u00e4ij\u00e4t-H\u00e4meen Ukuleleorkesteri tarjosi yleis\u00f6lle tuttuja kappaleita iloisella ukulelen soitannalla, eik\u00e4 huumoriaakaan puuttunut. &#8212; Me toimimme t\u00e4\u00e4ll\u00e4 edunvalvojina, Ahonen nauratti yleis\u00f6\u00e4, viitaten my\u00f6hemmin illalla esiintyv\u00e4\u00e4n Edu Kettuseen.&#8221;<\/p>\n\n\n\nngg_shortcode_0_placeholder\n\n\n\n<figure class=\"wp-block-image\"><img loading=\"lazy\" decoding=\"async\" width=\"653\" height=\"960\" src=\"https:\/\/leipomo.band\/wp-content\/uploads\/2019\/11\/Mallusjoki-3.jpg\" alt=\"\" class=\"wp-image-217\" srcset=\"https:\/\/leipomo.band\/wp-content\/uploads\/2019\/11\/Mallusjoki-3.jpg 653w, https:\/\/leipomo.band\/wp-content\/uploads\/2019\/11\/Mallusjoki-3-204x300.jpg 204w\" sizes=\"auto, (max-width: 653px) 100vw, 653px\" \/><\/figure>\n","protected":false},"excerpt":{"rendered":"<p>Korialla olutfestivaalissa esiintyy kahdeksan ukulelemiest\u00e4, jotka k\u00e4\u00e4nt\u00e4v\u00e4t Beatlesin laulut suomeksi ja sijoittavat ne Lahteen \u2013&#8221;T\u00e4m\u00e4 on t\u00e4llaista ukkojen puuhailua, kuten rock&#8217;n&#8217;roll on&#8221; Kouvolan Sanomat, 7.8.2020 Lue lis\u00e4\u00e4 Kouvolan Sanomien sivuilta.<a href=\"https:\/\/leipomo.band\/index.php\/mediassa\/\" class=\"more-link\"><span class=\"readmore\">Lis\u00e4\u00e4&#8230;<span class=\"screen-reader-text\">Mediassa<\/span><\/span><\/a><\/p>\n","protected":false},"author":1,"featured_media":582,"parent":0,"menu_order":0,"comment_status":"closed","ping_status":"closed","template":"","meta":{"ngg_post_thumbnail":0,"footnotes":""},"class_list":["post-155","page","type-page","status-publish","has-post-thumbnail","hentry"],"yoast_head":"<!-- This site is optimized with the Yoast SEO plugin v21.9.1 - https:\/\/yoast.com\/wordpress\/plugins\/seo\/ -->\n<title>Mediassa -<\/title>\n<meta name=\"robots\" content=\"index, follow, max-snippet:-1, max-image-preview:large, max-video-preview:-1\" \/>\n<link rel=\"canonical\" href=\"https:\/\/leipomo.band\/index.php\/mediassa\/\" \/>\n<meta property=\"og:locale\" content=\"fi_FI\" \/>\n<meta property=\"og:type\" content=\"article\" \/>\n<meta property=\"og:title\" content=\"Mediassa -\" \/>\n<meta property=\"og:description\" content=\"Korialla olutfestivaalissa esiintyy kahdeksan ukulelemiest\u00e4, jotka k\u00e4\u00e4nt\u00e4v\u00e4t Beatlesin laulut suomeksi ja sijoittavat ne Lahteen \u2013&#8221;T\u00e4m\u00e4 on t\u00e4llaista ukkojen puuhailua, kuten rock&#8217;n&#8217;roll on&#8221; Kouvolan Sanomat, 7.8.2020 Lue lis\u00e4\u00e4 Kouvolan Sanomien sivuilta.Lis\u00e4\u00e4...Mediassa\" \/>\n<meta property=\"og:url\" content=\"https:\/\/leipomo.band\/index.php\/mediassa\/\" \/>\n<meta property=\"article:modified_time\" content=\"2026-03-28T07:41:51+00:00\" \/>\n<meta property=\"og:image\" content=\"https:\/\/leipomo.band\/wp-content\/uploads\/2026\/02\/Logotapetti.jpg\" \/>\n\t<meta property=\"og:image:width\" content=\"2000\" \/>\n\t<meta property=\"og:image:height\" content=\"1414\" \/>\n\t<meta property=\"og:image:type\" content=\"image\/jpeg\" \/>\n<meta name=\"twitter:card\" content=\"summary_large_image\" \/>\n<meta name=\"twitter:site\" content=\"@leipomoband\" \/>\n<meta name=\"twitter:label1\" content=\"Arvioitu lukuaika\" \/>\n\t<meta name=\"twitter:data1\" content=\"3 minuuttia\" \/>\n<script type=\"application\/ld+json\" class=\"yoast-schema-graph\">{\"@context\":\"https:\/\/schema.org\",\"@graph\":[{\"@type\":\"WebPage\",\"@id\":\"https:\/\/leipomo.band\/index.php\/mediassa\/\",\"url\":\"https:\/\/leipomo.band\/index.php\/mediassa\/\",\"name\":\"Mediassa -\",\"isPartOf\":{\"@id\":\"https:\/\/leipomo.band\/#website\"},\"datePublished\":\"2019-11-10T11:29:29+00:00\",\"dateModified\":\"2026-03-28T07:41:51+00:00\",\"breadcrumb\":{\"@id\":\"https:\/\/leipomo.band\/index.php\/mediassa\/#breadcrumb\"},\"inLanguage\":\"fi\",\"potentialAction\":[{\"@type\":\"ReadAction\",\"target\":[\"https:\/\/leipomo.band\/index.php\/mediassa\/\"]}]},{\"@type\":\"BreadcrumbList\",\"@id\":\"https:\/\/leipomo.band\/index.php\/mediassa\/#breadcrumb\",\"itemListElement\":[{\"@type\":\"ListItem\",\"position\":1,\"name\":\"Home\",\"item\":\"https:\/\/leipomo.band\/\"},{\"@type\":\"ListItem\",\"position\":2,\"name\":\"Mediassa\"}]},{\"@type\":\"WebSite\",\"@id\":\"https:\/\/leipomo.band\/#website\",\"url\":\"https:\/\/leipomo.band\/\",\"name\":\"Leipomo\",\"description\":\"Patinoitunutta popul&auml;&auml;rimusiikkia\",\"publisher\":{\"@id\":\"https:\/\/leipomo.band\/#organization\"},\"potentialAction\":[{\"@type\":\"SearchAction\",\"target\":{\"@type\":\"EntryPoint\",\"urlTemplate\":\"https:\/\/leipomo.band\/?s={search_term_string}\"},\"query-input\":\"required name=search_term_string\"}],\"inLanguage\":\"fi\"},{\"@type\":\"Organization\",\"@id\":\"https:\/\/leipomo.band\/#organization\",\"name\":\"Leipomo\",\"url\":\"https:\/\/leipomo.band\/\",\"logo\":{\"@type\":\"ImageObject\",\"inLanguage\":\"fi\",\"@id\":\"https:\/\/leipomo.band\/#\/schema\/logo\/image\/\",\"url\":\"https:\/\/leipomo.band\/wp-content\/uploads\/2019\/09\/Logo_320x320.png\",\"contentUrl\":\"https:\/\/leipomo.band\/wp-content\/uploads\/2019\/09\/Logo_320x320.png\",\"width\":320,\"height\":320,\"caption\":\"Leipomo\"},\"image\":{\"@id\":\"https:\/\/leipomo.band\/#\/schema\/logo\/image\/\"},\"sameAs\":[\"https:\/\/twitter.com\/leipomoband\"]}]}<\/script>\n<!-- \/ Yoast SEO plugin. -->","yoast_head_json":{"title":"Mediassa -","robots":{"index":"index","follow":"follow","max-snippet":"max-snippet:-1","max-image-preview":"max-image-preview:large","max-video-preview":"max-video-preview:-1"},"canonical":"https:\/\/leipomo.band\/index.php\/mediassa\/","og_locale":"fi_FI","og_type":"article","og_title":"Mediassa -","og_description":"Korialla olutfestivaalissa esiintyy kahdeksan ukulelemiest\u00e4, jotka k\u00e4\u00e4nt\u00e4v\u00e4t Beatlesin laulut suomeksi ja sijoittavat ne Lahteen \u2013&#8221;T\u00e4m\u00e4 on t\u00e4llaista ukkojen puuhailua, kuten rock&#8217;n&#8217;roll on&#8221; Kouvolan Sanomat, 7.8.2020 Lue lis\u00e4\u00e4 Kouvolan Sanomien sivuilta.Lis\u00e4\u00e4...Mediassa","og_url":"https:\/\/leipomo.band\/index.php\/mediassa\/","article_modified_time":"2026-03-28T07:41:51+00:00","og_image":[{"width":2000,"height":1414,"url":"https:\/\/leipomo.band\/wp-content\/uploads\/2026\/02\/Logotapetti.jpg","type":"image\/jpeg"}],"twitter_card":"summary_large_image","twitter_site":"@leipomoband","twitter_misc":{"Arvioitu lukuaika":"3 minuuttia"},"schema":{"@context":"https:\/\/schema.org","@graph":[{"@type":"WebPage","@id":"https:\/\/leipomo.band\/index.php\/mediassa\/","url":"https:\/\/leipomo.band\/index.php\/mediassa\/","name":"Mediassa -","isPartOf":{"@id":"https:\/\/leipomo.band\/#website"},"datePublished":"2019-11-10T11:29:29+00:00","dateModified":"2026-03-28T07:41:51+00:00","breadcrumb":{"@id":"https:\/\/leipomo.band\/index.php\/mediassa\/#breadcrumb"},"inLanguage":"fi","potentialAction":[{"@type":"ReadAction","target":["https:\/\/leipomo.band\/index.php\/mediassa\/"]}]},{"@type":"BreadcrumbList","@id":"https:\/\/leipomo.band\/index.php\/mediassa\/#breadcrumb","itemListElement":[{"@type":"ListItem","position":1,"name":"Home","item":"https:\/\/leipomo.band\/"},{"@type":"ListItem","position":2,"name":"Mediassa"}]},{"@type":"WebSite","@id":"https:\/\/leipomo.band\/#website","url":"https:\/\/leipomo.band\/","name":"Leipomo","description":"Patinoitunutta popul&auml;&auml;rimusiikkia","publisher":{"@id":"https:\/\/leipomo.band\/#organization"},"potentialAction":[{"@type":"SearchAction","target":{"@type":"EntryPoint","urlTemplate":"https:\/\/leipomo.band\/?s={search_term_string}"},"query-input":"required name=search_term_string"}],"inLanguage":"fi"},{"@type":"Organization","@id":"https:\/\/leipomo.band\/#organization","name":"Leipomo","url":"https:\/\/leipomo.band\/","logo":{"@type":"ImageObject","inLanguage":"fi","@id":"https:\/\/leipomo.band\/#\/schema\/logo\/image\/","url":"https:\/\/leipomo.band\/wp-content\/uploads\/2019\/09\/Logo_320x320.png","contentUrl":"https:\/\/leipomo.band\/wp-content\/uploads\/2019\/09\/Logo_320x320.png","width":320,"height":320,"caption":"Leipomo"},"image":{"@id":"https:\/\/leipomo.band\/#\/schema\/logo\/image\/"},"sameAs":["https:\/\/twitter.com\/leipomoband"]}]}},"_links":{"self":[{"href":"https:\/\/leipomo.band\/index.php\/wp-json\/wp\/v2\/pages\/155","targetHints":{"allow":["GET"]}}],"collection":[{"href":"https:\/\/leipomo.band\/index.php\/wp-json\/wp\/v2\/pages"}],"about":[{"href":"https:\/\/leipomo.band\/index.php\/wp-json\/wp\/v2\/types\/page"}],"author":[{"embeddable":true,"href":"https:\/\/leipomo.band\/index.php\/wp-json\/wp\/v2\/users\/1"}],"replies":[{"embeddable":true,"href":"https:\/\/leipomo.band\/index.php\/wp-json\/wp\/v2\/comments?post=155"}],"version-history":[{"count":15,"href":"https:\/\/leipomo.band\/index.php\/wp-json\/wp\/v2\/pages\/155\/revisions"}],"predecessor-version":[{"id":291,"href":"https:\/\/leipomo.band\/index.php\/wp-json\/wp\/v2\/pages\/155\/revisions\/291"}],"wp:featuredmedia":[{"embeddable":true,"href":"https:\/\/leipomo.band\/index.php\/wp-json\/wp\/v2\/media\/582"}],"wp:attachment":[{"href":"https:\/\/leipomo.band\/index.php\/wp-json\/wp\/v2\/media?parent=155"}],"curies":[{"name":"wp","href":"https:\/\/api.w.org\/{rel}","templated":true}]}}